{"id":244,"date":"2023-10-27T08:16:23","date_gmt":"2023-10-27T08:16:23","guid":{"rendered":"https:\/\/budapestdinnerdiaries.com\/?page_id=244"},"modified":"2023-10-27T08:40:25","modified_gmt":"2023-10-27T08:40:25","slug":"privacy-policy-2","status":"publish","type":"page","link":"https:\/\/budapestdinnerdiaries.com\/hu\/privacy-policy-2\/","title":{"rendered":"Adatkezel\u00e9si t\u00e1j\u00e9koztat\u00f3"},"content":{"rendered":"<p><strong>Adatkezel\u00e9si t\u00e1j\u00e9koztat\u00f3: <\/strong>BudapestDinnerDiaries.com<\/p>\n\n\n\n<p>Ezen Adatv\u00e9delmi Ir\u00e1nyelvek le\u00edrj\u00e1k, hogy a Budapestdinnerdiaries.com mik\u00e9nt gy\u0171jti, haszn\u00e1lja \u00e9s v\u00e9di meg a szem\u00e9lyes adatait, amikor felkeresi a WordPress-alap\u00fa szem\u00e9lyes blogunkat. K\u00f6telezetts\u00e9get v\u00e1llalunk az \u00d6n mag\u00e1n\u00e9let\u00e9nek v\u00e9delm\u00e9re \u00e9s a szem\u00e9lyes adatai biztons\u00e1g\u00e1ra. A blogunk el\u00e9r\u00e9s\u00e9vel \u00e9s haszn\u00e1lat\u00e1val \u00d6n hozz\u00e1j\u00e1rul az ezen Adatv\u00e9delmi Ir\u00e1nyelvekben le\u00edrt gyakorlatokhoz<\/p>\n\n\n\n<p><strong>1. Az oldal \u00e1ltal gy\u0171jt\u00f6tt inform\u00e1ci\u00f3k<\/strong><\/p>\n\n\n\n<p>Nem gy\u0171jt\u00fcnk semmilyen szem\u00e9lyes inform\u00e1ci\u00f3t az \u00d6n blogl\u00e1togat\u00e1s\u00e1r\u00f3l, mivel nincs lehet\u0151s\u00e9g tartalom felt\u00f6lt\u00e9s\u00e9re vagy hozz\u00e1sz\u00f3l\u00e1s bek\u00fcld\u00e9s\u00e9re.<\/p>\n\n\n\n<p><strong>2. S\u00fctik \u00e9s nyomk\u00f6vet\u00e9si technol\u00f3gi\u00e1k<\/strong><\/p>\n\n\n\n<p>S\u00fctiket \u00e9s hasonl\u00f3 nyomk\u00f6vet\u00e9si technol\u00f3gi\u00e1kat haszn\u00e1lhatunk az analitik\u00e1hoz \u00e9s a felhaszn\u00e1l\u00f3i \u00e9lm\u00e9ny jav\u00edt\u00e1s\u00e1hoz. Ezek a technol\u00f3gi\u00e1k nem gy\u0171jtenek szem\u00e9lyes inform\u00e1ci\u00f3kat \u00e9s az elemz\u00e9sre, blogunk kezel\u00e9s\u00e9re, felhaszn\u00e1l\u00f3i mozg\u00e1sok nyomon k\u00f6vet\u00e9s\u00e9re \u00e9s demogr\u00e1fiai inform\u00e1ci\u00f3k \u00f6sszegy\u0171jt\u00e9s\u00e9re szolg\u00e1lnak.<\/p>\n\n\n\n<p><strong>3. Google Analytics<\/strong><\/p>\n\n\n\n<p>Haszn\u00e1ljuk a Google Analytics nev\u0171 webanalitikai szolg\u00e1ltat\u00e1st, melyet a Google, Inc. ny\u00fajt. A Google Analytics adatokat gy\u0171jthet \u00e9s t\u00e1rolhat a blogunk haszn\u00e1lat\u00e1r\u00f3l, ide\u00e9rtve a fent eml\u00edtett nem szem\u00e9lyes inform\u00e1ci\u00f3kat is. A Google Analytics s\u00fctiket vagy m\u00e1s k\u00f6vet\u00e9si technol\u00f3gi\u00e1kat helyezhet el az eszk\u00f6z\u00e9n, hogy el\u0151seg\u00edtse ezen adatgy\u0171jt\u00e9st. A Google adatkezel\u00e9se saj\u00e1t Adatv\u00e9delmi Ir\u00e1nyelvei szerint t\u00f6rt\u00e9nik, melyeket megtekinthet a https:\/\/policies.google.com\/technologies\/partner-sites c\u00edmen.<\/p>\n\n\n\n<p><strong>4. Harmadik f\u00e9l szolg\u00e1ltat\u00e1sai<\/strong><\/p>\n\n\n\n<p>Blogunk tartalmazhat hivatkoz\u00e1sokat m\u00e1s weboldalakra vagy tartalmakra, amelyeket nem ir\u00e1ny\u00edtunk. Nem vagyunk felel\u0151sek ezeknek a harmadik f\u00e9l weboldalaknak az adatv\u00e9delmi gyakorlat\u00e1\u00e9rt \u00e9s tartalm\u00e1\u00e9rt. Arra \u00f6szt\u00f6n\u00f6zz\u00fck \u00d6nt, hogy ellen\u0151rizze ezeknek a weboldalaknak az adatv\u00e9delmi ir\u00e1nyelveit, amikor felkeresi \u0151ket<\/p>\n\n\n\n<p><strong>5. Hivatkoz\u00e1sok m\u00e1s weboldalakra<\/strong><\/p>\n\n\n\n<p>Blogunk tartalmazhat hivatkoz\u00e1sokat m\u00e1s weboldalakra vagy tartalmakra, amelyeket nem ir\u00e1ny\u00edtunk. Nem vagyunk felel\u0151sek ezeknek a harmadik f\u00e9l weboldalaknak az adatv\u00e9delmi gyakorlat\u00e1\u00e9rt \u00e9s tartalm\u00e1\u00e9rt. Arra \u00f6szt\u00f6n\u00f6zz\u00fck \u00d6nt, hogy ellen\u0151rizze ezeknek a weboldalaknak az adatv\u00e9delmi ir\u00e1nyelveit, amikor felkeresi \u0151ket.<\/p>\n\n\n\n<p><strong>6. Adatbiztons\u00e1g<\/strong><\/p>\n\n\n\n<p>Rendelkez\u00fcnk \u00e9sszer\u0171 int\u00e9zked\u00e9sekkel annak \u00e9rdek\u00e9ben, hogy megv\u00e9dj\u00fck az \u00d6n \u00e1ltalunk gy\u0171jt\u00f6tt nem szem\u00e9lyes adatokat jogosulatlan hozz\u00e1f\u00e9r\u00e9s, kiszolg\u00e1ltatotts\u00e1g, m\u00f3dos\u00edt\u00e1s \u00e9s megsemmis\u00edt\u00e9s ellen. Ugyanakkor nem tudjuk garant\u00e1lni az interneten tov\u00e1bb\u00edtott inform\u00e1ci\u00f3k biztons\u00e1g\u00e1t.<\/p>\n\n\n\n<p><strong>7. Gyermekv\u00e9delem<\/strong><\/p>\n\n\n\n<p>Blogunknak nem 13 \u00e9v alatti szem\u00e9lyeknek sz\u00f3l, \u00e9s nem sz\u00e1nd\u00e9kosan gy\u0171jt\u00fcnk szem\u00e9lyes adatokat gyermekekt\u0151l. Ha \u00fagy gondolja, hogy v\u00e9letlen\u00fcl gy\u0171jt\u00f6tt\u00fcnk szem\u00e9lyes adatokat egy gyermekt\u0151l, k\u00e9rj\u00fck, l\u00e9pjen kapcsolatba vel\u00fcnk, \u00e9s azonnal int\u00e9zked\u00e9seket tesz\u00fcnk az ilyen adatok t\u00f6rl\u00e9se \u00e9rdek\u00e9ben.<\/p>\n\n\n\n<p><strong>8. Az Adatv\u00e9delmi Ir\u00e1nyelvek m\u00f3dos\u00edt\u00e1sai<\/strong><\/p>\n\n\n\n<p>Id\u0151r\u0151l id\u0151re friss\u00edthetj\u00fck ezen Adatv\u00e9delmi Ir\u00e1nyelveket a gyakorlataink v\u00e1ltoz\u00e1sainak vagy m\u00e1s \u00fczemeltet\u00e9si, jogi vagy szab\u00e1lyoz\u00f3 okok miatt. Az \u00f6sszes v\u00e1ltoz\u00e1st k\u00f6zz\u00e9tesz\u00fck ezen az oldalon, \u00e9s a m\u00f3dos\u00edtott ir\u00e1nyelv hat\u00e1lyba l\u00e9p a k\u00f6zz\u00e9t\u00e9tel d\u00e1tum\u00e1t\u00f3l.<\/p>\n\n\n\n<p><strong>9. Kapcsolatfelv\u00e9tel<\/strong><\/p>\n\n\n\n<p>Ha k\u00e9rd\u00e9sei vagy agg\u00e1lyai vannak ezen Adatv\u00e9delmi Ir\u00e1nyelvekkel vagy a blogunk adatainak gyakorlat\u00e1val kapcsolatban, vegye fel vel\u00fcnk a kapcsolatot a gabor@budapestivacsoranaplo.hu c\u00edmen.<\/p>\n\n\n\n<p>Utols\u00f3 friss\u00edt\u00e9s: 2023.10.15.<\/p>\n\n\n\n<p>A blogunk el\u00e9r\u00e9s\u00e9vel \u00e9s haszn\u00e1lat\u00e1val beleegyezik ezen Adatv\u00e9delmi Ir\u00e1nyelvek felt\u00e9teleibe. Ha nem \u00e9rt egyet a fent felsorolt ir\u00e1nyelvekkel, k\u00e9rj\u00fck, tart\u00f3zkodjon a blogunk haszn\u00e1lat\u00e1t\u00f3l.<\/p>","protected":false},"excerpt":{"rendered":"<p>Privacy Policy for BudapestDinnerDiaries.com This Privacy Policy describes how BudapestDinnerDiaries.com collects, uses, and protects your personal information when you visit our WordPress-based personal blog. We are committed to ensuring your privacy and protecting your personal information. By accessing and using our blog, you consent to the practices described in this Privacy Policy. 1. Information We [&hellip;]<\/p>","protected":false},"author":1,"featured_media":0,"parent":0,"menu_order":0,"comment_status":"closed","ping_status":"closed","template":"","meta":{"footnotes":""},"class_list":["post-244","page","type-page","status-publish","hentry"],"yoast_head":"<!-- This site is optimized with the Yoast SEO plugin v24.6 - https:\/\/yoast.com\/wordpress\/plugins\/seo\/ -->\n<title>Privacy Policy - Budapest Dinner Diaries<\/title>\n<meta name=\"robots\" content=\"index, follow, max-snippet:-1, max-image-preview:large, max-video-preview:-1\" \/>\n<link rel=\"canonical\" href=\"https:\/\/budapestdinnerdiaries.com\/hu\/privacy-policy-2\/\" \/>\n<meta property=\"og:locale\" content=\"hu_HU\" \/>\n<meta property=\"og:type\" content=\"article\" \/>\n<meta property=\"og:title\" content=\"Privacy Policy - Budapest Dinner Diaries\" \/>\n<meta property=\"og:description\" content=\"Privacy Policy for BudapestDinnerDiaries.com This Privacy Policy describes how BudapestDinnerDiaries.com collects, uses, and protects your personal information when you visit our WordPress-based personal blog. We are committed to ensuring your privacy and protecting your personal information. By accessing and using our blog, you consent to the practices described in this Privacy Policy. 1. Information We [&hellip;]\" \/>\n<meta property=\"og:url\" content=\"https:\/\/budapestdinnerdiaries.com\/hu\/privacy-policy-2\/\" \/>\n<meta property=\"og:site_name\" content=\"Budapest Dinner Diaries\" \/>\n<meta property=\"article:modified_time\" content=\"2023-10-27T08:40:25+00:00\" \/>\n<meta name=\"twitter:card\" content=\"summary_large_image\" \/>\n<meta name=\"twitter:label1\" content=\"Becs\u00fclt olvas\u00e1si id\u0151\" \/>\n\t<meta name=\"twitter:data1\" content=\"3 perc\" \/>\n<script type=\"application\/ld+json\" class=\"yoast-schema-graph\">{\"@context\":\"https:\/\/schema.org\",\"@graph\":[{\"@type\":\"WebPage\",\"@id\":\"https:\/\/budapestdinnerdiaries.com\/privacy-policy-2\/\",\"url\":\"https:\/\/budapestdinnerdiaries.com\/privacy-policy-2\/\",\"name\":\"Privacy Policy - Budapest Dinner Diaries\",\"isPartOf\":{\"@id\":\"https:\/\/budapestdinnerdiaries.com\/#website\"},\"datePublished\":\"2023-10-27T08:16:23+00:00\",\"dateModified\":\"2023-10-27T08:40:25+00:00\",\"breadcrumb\":{\"@id\":\"https:\/\/budapestdinnerdiaries.com\/privacy-policy-2\/#breadcrumb\"},\"inLanguage\":\"hu\",\"potentialAction\":[{\"@type\":\"ReadAction\",\"target\":[\"https:\/\/budapestdinnerdiaries.com\/privacy-policy-2\/\"]}]},{\"@type\":\"BreadcrumbList\",\"@id\":\"https:\/\/budapestdinnerdiaries.com\/privacy-policy-2\/#breadcrumb\",\"itemListElement\":[{\"@type\":\"ListItem\",\"position\":1,\"name\":\"Home\",\"item\":\"https:\/\/budapestdinnerdiaries.com\/\"},{\"@type\":\"ListItem\",\"position\":2,\"name\":\"Privacy Policy\"}]},{\"@type\":\"WebSite\",\"@id\":\"https:\/\/budapestdinnerdiaries.com\/#website\",\"url\":\"https:\/\/budapestdinnerdiaries.com\/\",\"name\":\"Budapest Dinner Diaries\",\"description\":\"Taste &amp; Tales: The People Behind the Platter\",\"publisher\":{\"@id\":\"https:\/\/budapestdinnerdiaries.com\/#\/schema\/person\/e776fd40a23fb3437d542351422e3217\"},\"alternateName\":\"Bp Dinner Diaries\",\"potentialAction\":[{\"@type\":\"SearchAction\",\"target\":{\"@type\":\"EntryPoint\",\"urlTemplate\":\"https:\/\/budapestdinnerdiaries.com\/?s={search_term_string}\"},\"query-input\":{\"@type\":\"PropertyValueSpecification\",\"valueRequired\":true,\"valueName\":\"search_term_string\"}}],\"inLanguage\":\"hu\"},{\"@type\":[\"Person\",\"Organization\"],\"@id\":\"https:\/\/budapestdinnerdiaries.com\/#\/schema\/person\/e776fd40a23fb3437d542351422e3217\",\"name\":\"G\u00e1bor\",\"image\":{\"@type\":\"ImageObject\",\"inLanguage\":\"hu\",\"@id\":\"https:\/\/budapestdinnerdiaries.com\/#\/schema\/person\/image\/\",\"url\":\"https:\/\/secure.gravatar.com\/avatar\/507f2712f01c86b3f35f3372973dde58d0b7bf8ba691ad8df65f45692bd77261?s=96&d=mm&r=g\",\"contentUrl\":\"https:\/\/secure.gravatar.com\/avatar\/507f2712f01c86b3f35f3372973dde58d0b7bf8ba691ad8df65f45692bd77261?s=96&d=mm&r=g\",\"caption\":\"G\u00e1bor\"},\"logo\":{\"@id\":\"https:\/\/budapestdinnerdiaries.com\/#\/schema\/person\/image\/\"},\"sameAs\":[\"https:\/\/budapestdinnerdiaries.com\"]}]}<\/script>\n<!-- \/ Yoast SEO plugin. -->","yoast_head_json":{"title":"Privacy Policy - Budapest Dinner Diaries","robots":{"index":"index","follow":"follow","max-snippet":"max-snippet:-1","max-image-preview":"max-image-preview:large","max-video-preview":"max-video-preview:-1"},"canonical":"https:\/\/budapestdinnerdiaries.com\/hu\/privacy-policy-2\/","og_locale":"hu_HU","og_type":"article","og_title":"Privacy Policy - Budapest Dinner Diaries","og_description":"Privacy Policy for BudapestDinnerDiaries.com This Privacy Policy describes how BudapestDinnerDiaries.com collects, uses, and protects your personal information when you visit our WordPress-based personal blog. We are committed to ensuring your privacy and protecting your personal information. By accessing and using our blog, you consent to the practices described in this Privacy Policy. 1. Information We [&hellip;]","og_url":"https:\/\/budapestdinnerdiaries.com\/hu\/privacy-policy-2\/","og_site_name":"Budapest Dinner Diaries","article_modified_time":"2023-10-27T08:40:25+00:00","twitter_card":"summary_large_image","twitter_misc":{"Becs\u00fclt olvas\u00e1si id\u0151":"3 perc"},"schema":{"@context":"https:\/\/schema.org","@graph":[{"@type":"WebPage","@id":"https:\/\/budapestdinnerdiaries.com\/privacy-policy-2\/","url":"https:\/\/budapestdinnerdiaries.com\/privacy-policy-2\/","name":"Privacy Policy - Budapest Dinner Diaries","isPartOf":{"@id":"https:\/\/budapestdinnerdiaries.com\/#website"},"datePublished":"2023-10-27T08:16:23+00:00","dateModified":"2023-10-27T08:40:25+00:00","breadcrumb":{"@id":"https:\/\/budapestdinnerdiaries.com\/privacy-policy-2\/#breadcrumb"},"inLanguage":"hu","potentialAction":[{"@type":"ReadAction","target":["https:\/\/budapestdinnerdiaries.com\/privacy-policy-2\/"]}]},{"@type":"BreadcrumbList","@id":"https:\/\/budapestdinnerdiaries.com\/privacy-policy-2\/#breadcrumb","itemListElement":[{"@type":"ListItem","position":1,"name":"Home","item":"https:\/\/budapestdinnerdiaries.com\/"},{"@type":"ListItem","position":2,"name":"Privacy Policy"}]},{"@type":"WebSite","@id":"https:\/\/budapestdinnerdiaries.com\/#website","url":"https:\/\/budapestdinnerdiaries.com\/","name":"Budapest Dinner Diaries","description":"Taste &amp; Tales: The People Behind the Platter","publisher":{"@id":"https:\/\/budapestdinnerdiaries.com\/#\/schema\/person\/e776fd40a23fb3437d542351422e3217"},"alternateName":"Bp Dinner Diaries","potentialAction":[{"@type":"SearchAction","target":{"@type":"EntryPoint","urlTemplate":"https:\/\/budapestdinnerdiaries.com\/?s={search_term_string}"},"query-input":{"@type":"PropertyValueSpecification","valueRequired":true,"valueName":"search_term_string"}}],"inLanguage":"hu"},{"@type":["Person","Organization"],"@id":"https:\/\/budapestdinnerdiaries.com\/#\/schema\/person\/e776fd40a23fb3437d542351422e3217","name":"G\u00e1bor","image":{"@type":"ImageObject","inLanguage":"hu","@id":"https:\/\/budapestdinnerdiaries.com\/#\/schema\/person\/image\/","url":"https:\/\/secure.gravatar.com\/avatar\/507f2712f01c86b3f35f3372973dde58d0b7bf8ba691ad8df65f45692bd77261?s=96&d=mm&r=g","contentUrl":"https:\/\/secure.gravatar.com\/avatar\/507f2712f01c86b3f35f3372973dde58d0b7bf8ba691ad8df65f45692bd77261?s=96&d=mm&r=g","caption":"G\u00e1bor"},"logo":{"@id":"https:\/\/budapestdinnerdiaries.com\/#\/schema\/person\/image\/"},"sameAs":["https:\/\/budapestdinnerdiaries.com"]}]}},"_links":{"self":[{"href":"https:\/\/budapestdinnerdiaries.com\/hu\/wp-json\/wp\/v2\/pages\/244","targetHints":{"allow":["GET"]}}],"collection":[{"href":"https:\/\/budapestdinnerdiaries.com\/hu\/wp-json\/wp\/v2\/pages"}],"about":[{"href":"https:\/\/budapestdinnerdiaries.com\/hu\/wp-json\/wp\/v2\/types\/page"}],"author":[{"embeddable":true,"href":"https:\/\/budapestdinnerdiaries.com\/hu\/wp-json\/wp\/v2\/users\/1"}],"replies":[{"embeddable":true,"href":"https:\/\/budapestdinnerdiaries.com\/hu\/wp-json\/wp\/v2\/comments?post=244"}],"version-history":[{"count":5,"href":"https:\/\/budapestdinnerdiaries.com\/hu\/wp-json\/wp\/v2\/pages\/244\/revisions"}],"predecessor-version":[{"id":251,"href":"https:\/\/budapestdinnerdiaries.com\/hu\/wp-json\/wp\/v2\/pages\/244\/revisions\/251"}],"wp:attachment":[{"href":"https:\/\/budapestdinnerdiaries.com\/hu\/wp-json\/wp\/v2\/media?parent=244"}],"curies":[{"name":"wp","href":"https:\/\/api.w.org\/{rel}","templated":true}]}}