{"id":2,"date":"2023-10-21T15:10:32","date_gmt":"2023-10-21T15:10:32","guid":{"rendered":"https:\/\/budapestdinnerdiaries.com\/?page_id=2"},"modified":"2023-10-26T21:25:36","modified_gmt":"2023-10-26T21:25:36","slug":"about","status":"publish","type":"page","link":"https:\/\/budapestdinnerdiaries.com\/hu\/about\/","title":{"rendered":"Mi ez?"},"content":{"rendered":"<p>\u00c9vek \u00f3ta j\u00e1rom a v\u00e1rost \u00e9s keresem az \u00faj \u2013 vagy csak \u00e1ltalam m\u00e9g nem ismert \u2013 b\u00fcf\u00e9ket, \u00e9ttermeket. Nincsenek kiz\u00e1rva a men\u0151 helyek, de el\u0151nyt \u00e9lveznek az eldugottabb, kev\u00e9sb\u00e9 ismertek. Ha viszont megszeretek egyet, lek\u00fczdhetetlen k\u00e9nyszert \u00e9rzek megtudni, ki \u00e1ll az \u00e9telek m\u00f6g\u00f6tt, mi van a pulton t\u00fal.<\/p>\n\n\n\n<p>S\u00e9fek, tulajok \u00e9s a szem\u00e9lyzet t\u00f6rt\u00e9netei a kedvenc \u00e9ttermeimb\u0151l. G\u00e1bor vagyok, \u00fcdv a Budapestdinnerdiaries.com-on!<\/p>","protected":false},"excerpt":{"rendered":"<p>For years, I&#8217;ve been exploring the city, searching for new &#8211; or perhaps just undiscovered by me &#8211; cafes and restaurants. Fancy places are not excluded, but hidden, lesser-known spots are preferred. However, if I fall in love with one, I feel an irresistible urge to find out who&#8217;s behind the food, what lies beyond [&hellip;]<\/p>","protected":false},"author":1,"featured_media":0,"parent":0,"menu_order":0,"comment_status":"closed","ping_status":"closed","template":"","meta":{"footnotes":""},"class_list":["post-2","page","type-page","status-publish","hentry"],"yoast_head":"<!-- This site is optimized with the Yoast SEO plugin v24.6 - https:\/\/yoast.com\/wordpress\/plugins\/seo\/ -->\n<title>About - Budapest Dinner Diaries<\/title>\n<meta name=\"description\" content=\"These are true stories of chefs, enterpreneurs, staff members behind the dishes in Budapest by a (sometimes not so) fine dining explorer.\" \/>\n<meta name=\"robots\" content=\"index, follow, max-snippet:-1, max-image-preview:large, max-video-preview:-1\" \/>\n<link rel=\"canonical\" href=\"https:\/\/budapestdinnerdiaries.com\/hu\/about\/\" \/>\n<meta property=\"og:locale\" content=\"hu_HU\" \/>\n<meta property=\"og:type\" content=\"article\" \/>\n<meta property=\"og:title\" content=\"About - Budapest Dinner Diaries\" \/>\n<meta property=\"og:description\" content=\"These are true stories of chefs, enterpreneurs, staff members behind the dishes in Budapest by a (sometimes not so) fine dining explorer.\" \/>\n<meta property=\"og:url\" content=\"https:\/\/budapestdinnerdiaries.com\/hu\/about\/\" \/>\n<meta property=\"og:site_name\" content=\"Budapest Dinner Diaries\" \/>\n<meta property=\"article:modified_time\" content=\"2023-10-26T21:25:36+00:00\" \/>\n<meta name=\"twitter:card\" content=\"summary_large_image\" \/>\n<meta name=\"twitter:label1\" content=\"Becs\u00fclt olvas\u00e1si id\u0151\" \/>\n\t<meta name=\"twitter:data1\" content=\"1 perc\" \/>\n<script type=\"application\/ld+json\" class=\"yoast-schema-graph\">{\"@context\":\"https:\/\/schema.org\",\"@graph\":[{\"@type\":\"WebPage\",\"@id\":\"https:\/\/budapestdinnerdiaries.com\/about\/\",\"url\":\"https:\/\/budapestdinnerdiaries.com\/about\/\",\"name\":\"About - Budapest Dinner Diaries\",\"isPartOf\":{\"@id\":\"https:\/\/budapestdinnerdiaries.com\/#website\"},\"datePublished\":\"2023-10-21T15:10:32+00:00\",\"dateModified\":\"2023-10-26T21:25:36+00:00\",\"description\":\"These are true stories of chefs, enterpreneurs, staff members behind the dishes in Budapest by a (sometimes not so) fine dining explorer.\",\"breadcrumb\":{\"@id\":\"https:\/\/budapestdinnerdiaries.com\/about\/#breadcrumb\"},\"inLanguage\":\"hu\",\"potentialAction\":[{\"@type\":\"ReadAction\",\"target\":[\"https:\/\/budapestdinnerdiaries.com\/about\/\"]}]},{\"@type\":\"BreadcrumbList\",\"@id\":\"https:\/\/budapestdinnerdiaries.com\/about\/#breadcrumb\",\"itemListElement\":[{\"@type\":\"ListItem\",\"position\":1,\"name\":\"Home\",\"item\":\"https:\/\/budapestdinnerdiaries.com\/\"},{\"@type\":\"ListItem\",\"position\":2,\"name\":\"About\"}]},{\"@type\":\"WebSite\",\"@id\":\"https:\/\/budapestdinnerdiaries.com\/#website\",\"url\":\"https:\/\/budapestdinnerdiaries.com\/\",\"name\":\"Budapest Dinner Diaries\",\"description\":\"Taste &amp; Tales: The People Behind the Platter\",\"publisher\":{\"@id\":\"https:\/\/budapestdinnerdiaries.com\/#\/schema\/person\/e776fd40a23fb3437d542351422e3217\"},\"alternateName\":\"Bp Dinner Diaries\",\"potentialAction\":[{\"@type\":\"SearchAction\",\"target\":{\"@type\":\"EntryPoint\",\"urlTemplate\":\"https:\/\/budapestdinnerdiaries.com\/?s={search_term_string}\"},\"query-input\":{\"@type\":\"PropertyValueSpecification\",\"valueRequired\":true,\"valueName\":\"search_term_string\"}}],\"inLanguage\":\"hu\"},{\"@type\":[\"Person\",\"Organization\"],\"@id\":\"https:\/\/budapestdinnerdiaries.com\/#\/schema\/person\/e776fd40a23fb3437d542351422e3217\",\"name\":\"G\u00e1bor\",\"image\":{\"@type\":\"ImageObject\",\"inLanguage\":\"hu\",\"@id\":\"https:\/\/budapestdinnerdiaries.com\/#\/schema\/person\/image\/\",\"url\":\"https:\/\/secure.gravatar.com\/avatar\/507f2712f01c86b3f35f3372973dde58d0b7bf8ba691ad8df65f45692bd77261?s=96&d=mm&r=g\",\"contentUrl\":\"https:\/\/secure.gravatar.com\/avatar\/507f2712f01c86b3f35f3372973dde58d0b7bf8ba691ad8df65f45692bd77261?s=96&d=mm&r=g\",\"caption\":\"G\u00e1bor\"},\"logo\":{\"@id\":\"https:\/\/budapestdinnerdiaries.com\/#\/schema\/person\/image\/\"},\"sameAs\":[\"https:\/\/budapestdinnerdiaries.com\"]}]}<\/script>\n<!-- \/ Yoast SEO plugin. -->","yoast_head_json":{"title":"About - Budapest Dinner Diaries","description":"These are true stories of chefs, enterpreneurs, staff members behind the dishes in Budapest by a (sometimes not so) fine dining explorer.","robots":{"index":"index","follow":"follow","max-snippet":"max-snippet:-1","max-image-preview":"max-image-preview:large","max-video-preview":"max-video-preview:-1"},"canonical":"https:\/\/budapestdinnerdiaries.com\/hu\/about\/","og_locale":"hu_HU","og_type":"article","og_title":"About - Budapest Dinner Diaries","og_description":"These are true stories of chefs, enterpreneurs, staff members behind the dishes in Budapest by a (sometimes not so) fine dining explorer.","og_url":"https:\/\/budapestdinnerdiaries.com\/hu\/about\/","og_site_name":"Budapest Dinner Diaries","article_modified_time":"2023-10-26T21:25:36+00:00","twitter_card":"summary_large_image","twitter_misc":{"Becs\u00fclt olvas\u00e1si id\u0151":"1 perc"},"schema":{"@context":"https:\/\/schema.org","@graph":[{"@type":"WebPage","@id":"https:\/\/budapestdinnerdiaries.com\/about\/","url":"https:\/\/budapestdinnerdiaries.com\/about\/","name":"About - Budapest Dinner Diaries","isPartOf":{"@id":"https:\/\/budapestdinnerdiaries.com\/#website"},"datePublished":"2023-10-21T15:10:32+00:00","dateModified":"2023-10-26T21:25:36+00:00","description":"These are true stories of chefs, enterpreneurs, staff members behind the dishes in Budapest by a (sometimes not so) fine dining explorer.","breadcrumb":{"@id":"https:\/\/budapestdinnerdiaries.com\/about\/#breadcrumb"},"inLanguage":"hu","potentialAction":[{"@type":"ReadAction","target":["https:\/\/budapestdinnerdiaries.com\/about\/"]}]},{"@type":"BreadcrumbList","@id":"https:\/\/budapestdinnerdiaries.com\/about\/#breadcrumb","itemListElement":[{"@type":"ListItem","position":1,"name":"Home","item":"https:\/\/budapestdinnerdiaries.com\/"},{"@type":"ListItem","position":2,"name":"About"}]},{"@type":"WebSite","@id":"https:\/\/budapestdinnerdiaries.com\/#website","url":"https:\/\/budapestdinnerdiaries.com\/","name":"Budapest Dinner Diaries","description":"Taste &amp; Tales: The People Behind the Platter","publisher":{"@id":"https:\/\/budapestdinnerdiaries.com\/#\/schema\/person\/e776fd40a23fb3437d542351422e3217"},"alternateName":"Bp Dinner Diaries","potentialAction":[{"@type":"SearchAction","target":{"@type":"EntryPoint","urlTemplate":"https:\/\/budapestdinnerdiaries.com\/?s={search_term_string}"},"query-input":{"@type":"PropertyValueSpecification","valueRequired":true,"valueName":"search_term_string"}}],"inLanguage":"hu"},{"@type":["Person","Organization"],"@id":"https:\/\/budapestdinnerdiaries.com\/#\/schema\/person\/e776fd40a23fb3437d542351422e3217","name":"G\u00e1bor","image":{"@type":"ImageObject","inLanguage":"hu","@id":"https:\/\/budapestdinnerdiaries.com\/#\/schema\/person\/image\/","url":"https:\/\/secure.gravatar.com\/avatar\/507f2712f01c86b3f35f3372973dde58d0b7bf8ba691ad8df65f45692bd77261?s=96&d=mm&r=g","contentUrl":"https:\/\/secure.gravatar.com\/avatar\/507f2712f01c86b3f35f3372973dde58d0b7bf8ba691ad8df65f45692bd77261?s=96&d=mm&r=g","caption":"G\u00e1bor"},"logo":{"@id":"https:\/\/budapestdinnerdiaries.com\/#\/schema\/person\/image\/"},"sameAs":["https:\/\/budapestdinnerdiaries.com"]}]}},"_links":{"self":[{"href":"https:\/\/budapestdinnerdiaries.com\/hu\/wp-json\/wp\/v2\/pages\/2","targetHints":{"allow":["GET"]}}],"collection":[{"href":"https:\/\/budapestdinnerdiaries.com\/hu\/wp-json\/wp\/v2\/pages"}],"about":[{"href":"https:\/\/budapestdinnerdiaries.com\/hu\/wp-json\/wp\/v2\/types\/page"}],"author":[{"embeddable":true,"href":"https:\/\/budapestdinnerdiaries.com\/hu\/wp-json\/wp\/v2\/users\/1"}],"replies":[{"embeddable":true,"href":"https:\/\/budapestdinnerdiaries.com\/hu\/wp-json\/wp\/v2\/comments?post=2"}],"version-history":[{"count":3,"href":"https:\/\/budapestdinnerdiaries.com\/hu\/wp-json\/wp\/v2\/pages\/2\/revisions"}],"predecessor-version":[{"id":99,"href":"https:\/\/budapestdinnerdiaries.com\/hu\/wp-json\/wp\/v2\/pages\/2\/revisions\/99"}],"wp:attachment":[{"href":"https:\/\/budapestdinnerdiaries.com\/hu\/wp-json\/wp\/v2\/media?parent=2"}],"curies":[{"name":"wp","href":"https:\/\/api.w.org\/{rel}","templated":true}]}}